{"id":16,"date":"2015-12-25T20:31:35","date_gmt":"2015-12-25T20:31:35","guid":{"rendered":"http:\/\/guionie.eu\/?page_id=16"},"modified":"2018-08-25T10:10:20","modified_gmt":"2018-08-25T10:10:20","slug":"presentation","status":"publish","type":"page","link":"https:\/\/guionie.eu\/","title":{"rendered":"Pr\u00e9sentation"},"content":{"rendered":"<p><meta name=\"keywords\" content=\"guionie, dalle, dallage, dallages, pierre, sol, leigne, pav\u00e9s viellis, pardaillan\" \/><br \/>\n<img decoding=\"async\" loading=\"lazy\" class=\"aligncenter wp-image-17 size-large\" src=\"http:\/\/guionie.eu\/wp-content\/uploads\/2015\/12\/ETS-GUIONIE-2-1024x768.jpg\" alt=\"ETS GUIONIE 2\" width=\"711\" height=\"533\" srcset=\"https:\/\/guionie.eu\/wp-content\/uploads\/2015\/12\/ETS-GUIONIE-2-1024x768.jpg 1024w, https:\/\/guionie.eu\/wp-content\/uploads\/2015\/12\/ETS-GUIONIE-2-300x225.jpg 300w, https:\/\/guionie.eu\/wp-content\/uploads\/2015\/12\/ETS-GUIONIE-2-768x576.jpg 768w, https:\/\/guionie.eu\/wp-content\/uploads\/2015\/12\/ETS-GUIONIE-2-467x350.jpg 467w, https:\/\/guionie.eu\/wp-content\/uploads\/2015\/12\/ETS-GUIONIE-2.jpg 1280w\" sizes=\"(max-width: 711px) 100vw, 711px\" \/><\/p>\n<p>&nbsp;<\/p>\n<p>\u25cf 1990: Cr\u00e9ation de l&rsquo;entreprise, suite \u00e0\u00a0l&rsquo;invention de machines de taille\u00a0par Mr GUIONIE, activit\u00e9 Monuments Historiques.<\/p>\n<p>\u25cf 2000: Lancement de l&rsquo;activit\u00e9 dallage apr\u00e8s la cr\u00e9ation de nouvelles machines.<\/p>\n<p>&nbsp;<\/p>\n","protected":false},"excerpt":{"rendered":"<p>&nbsp; \u25cf 1990: Cr\u00e9ation de l&rsquo;entreprise, suite \u00e0\u00a0l&rsquo;invention de machines de taille\u00a0par Mr GUIONIE, activit\u00e9&#8230;<\/p>\n<div class=\"more-link-wrapper\"><a class=\"more-link\" href=\"https:\/\/guionie.eu\/\">En savoir plus<span class=\"screen-reader-text\">Pr\u00e9sentation<\/span><\/a><\/div>\n","protected":false},"author":1,"featured_media":0,"parent":0,"menu_order":0,"comment_status":"closed","ping_status":"closed","template":"","meta":[],"_links":{"self":[{"href":"https:\/\/guionie.eu\/index.php\/wp-json\/wp\/v2\/pages\/16"}],"collection":[{"href":"https:\/\/guionie.eu\/index.php\/wp-json\/wp\/v2\/pages"}],"about":[{"href":"https:\/\/guionie.eu\/index.php\/wp-json\/wp\/v2\/types\/page"}],"author":[{"embeddable":true,"href":"https:\/\/guionie.eu\/index.php\/wp-json\/wp\/v2\/users\/1"}],"replies":[{"embeddable":true,"href":"https:\/\/guionie.eu\/index.php\/wp-json\/wp\/v2\/comments?post=16"}],"version-history":[{"count":10,"href":"https:\/\/guionie.eu\/index.php\/wp-json\/wp\/v2\/pages\/16\/revisions"}],"predecessor-version":[{"id":326,"href":"https:\/\/guionie.eu\/index.php\/wp-json\/wp\/v2\/pages\/16\/revisions\/326"}],"wp:attachment":[{"href":"https:\/\/guionie.eu\/index.php\/wp-json\/wp\/v2\/media?parent=16"}],"curies":[{"name":"wp","href":"https:\/\/api.w.org\/{rel}","templated":true}]}}